{"id":26,"date":"2019-04-04T13:21:25","date_gmt":"2019-04-04T11:21:25","guid":{"rendered":"http:\/\/fcp-kg.de.w01949d3.kasserver.com\/?page_id=26"},"modified":"2025-10-23T09:06:18","modified_gmt":"2025-10-23T07:06:18","slug":"impressum","status":"publish","type":"page","link":"https:\/\/www.fcp-kg.de\/en\/impressum\/","title":{"rendered":"Impressum"},"content":{"rendered":"\n<div class=\"wp-block-impuls-additional-containers-section  has-no-text-color has-no-background-color has-no-background-image\" style=\"background-image:none\"><div class=\"InnerContent\">\n<h2 class=\"wp-block-heading\">Impressum<\/h2>\n\n\n\n<div class=\"wp-block-columns has-2-columns is-layout-flex wp-container-core-columns-layout-1 wp-block-columns-is-layout-flex\">\n<div class=\"wp-block-column is-layout-flow wp-block-column-is-layout-flow\">\n<p>Olaf Friedrich &#038; Dzavdet Cobovic Produktionstechnik GmbH &#038; Co. KG<br>La- Rochelle- Stra\u00dfe 2<br>28309 Bremen<br>Deutschland<\/p>\n\n\n\n<p>Tel.: 0421 \/ 4 85 16 -0<br>Fax: 0421 \/ 4 85 16 -69<br>Mail: info@fcp-kg.de<\/p>\n\n\n\n<p>Redaktionelle Verantwortung: Olaf Friedrich, Dzavdet Cobovic<\/p>\n<\/div>\n\n\n\n<div class=\"wp-block-column is-layout-flow wp-block-column-is-layout-flow\">\n<p>Handelsregister: HRA Nr.23585<br>USt.-IdNr.: DE 23 931 3222<br><\/p>\n\n\n\n<p>Pers\u00f6nlich haftende Gesellschafterin: <br>F &#038; C Beteiligungs GmbH<br>Handelsregister: HRB 27640<\/p>\n\n\n\n<p>Gerichtsstand: Amtsgericht Bremen<br><\/p>\n<\/div>\n<\/div>\n\n\n\n<hr class=\"wp-block-separator has-css-opacity\"\/>\n\n\n\n<div class=\"wp-block-columns has-2-columns is-layout-flex wp-container-core-columns-layout-2 wp-block-columns-is-layout-flex\">\n<div class=\"wp-block-column is-layout-flow wp-block-column-is-layout-flow\">\n<h3 class=\"wp-block-heading\">Konzept und Realisierung<\/h3>\n\n\n\n<p>Impuls Werbeagentur, Hannover<br><a href=\"http:\/\/www.werbeagentur-impuls.de\">www.werbeagentur-impuls.de<\/a><\/p>\n<\/div>\n\n\n\n<div class=\"wp-block-column is-layout-flow wp-block-column-is-layout-flow\">\n<h3 class=\"wp-block-heading\">Bildnachweise<\/h3>\n\n\n\n<p>Fotos: <br>Joanna Nottebrock, <a rel=\"noreferrer noopener\" href=\"http:\/\/www.joanna.nottebrock.de\" target=\"_blank\">www.joanna.nottebrock.de<\/a><\/p>\n\n\n\n<p>Weitere Fotos:<br>Plane photo by <a rel=\"noreferrer noopener\" href=\"https:\/\/unsplash.com\/photos\/rf6ywHVkrlY?utm_source=unsplash&#038;utm_medium=referral&#038;utm_content=creditCopyText\" target=\"_blank\">Ross Parmly<\/a> on <a rel=\"noreferrer noopener\" href=\"https:\/\/unsplash.com\/?utm_source=unsplash&#038;utm_medium=referral&#038;utm_content=creditCopyText\" target=\"_blank\">Unsplash<\/a><br>MacBook photo by <a href=\"https:\/\/unsplash.com\/@glenncarstenspeters\">Glenn Carstens-Peters<\/a> on <a href=\"https:\/\/unsplash.com\/photos\/npxXWgQ33ZQ\">Unsplash<\/a><br>Schieblehre auf Technische Zeichnung \u00a9 Okea, #163267700, iStock, <a rel=\"noreferrer noopener\" aria-label=\" (opens in a new tab)\" href=\"https:\/\/www.istockphoto.com\/de\/foto\/schieblehre-auf-technische-zeichnung-gm163267700-23313674\" target=\"_blank\">www.istockphoto.com<\/a><br>welder with a steel frame | #101673871 | \u00a9 auremar | <a href=\"https:\/\/www.fotolia.com\/\" target=\"_blank\" rel=\"noreferrer noopener\">fotolia.com<\/a><\/p>\n<\/div>\n<\/div>\n\n\n\n<hr class=\"wp-block-separator has-css-opacity\"\/>\n\n\n\n<h3 class=\"wp-block-heading\">Haftungsausschluss<\/h3>\n\n\n\n<p>Der Autor \u00fcbernimmt keinerlei Gew\u00e4hr f\u00fcr die Aktualit\u00e4t, Korrektheit,  Vollst\u00e4ndigkeit oder Qualit\u00e4t der bereitgestellten Informationen.  Haftungsanspr\u00fcche gegen den Autor, welche sich auf Sch\u00e4den materieller  oder ideeller Art beziehen, die durch die Nutzung oder Nichtnutzung der  dargebotenen Informationen bzw. durch die Nutzung fehlerhafter und  unvollst\u00e4ndiger Informationen verursacht wurden, sind grunds\u00e4tzlich  ausgeschlossen, sofern seitens des Autors kein nachweislich  vors\u00e4tzliches oder grob fahrl\u00e4ssiges Verschulden vorliegt. Alle Angebote  sind freibleibend und unverbindlich. Der Autor beh\u00e4lt es sich  ausdr\u00fccklich vor, Teile der Seiten oder das gesamte Angebot ohne  gesonderte Ank\u00fcndigung zu ver\u00e4ndern, zu erg\u00e4nzen, zu l\u00f6schen oder die  Ver\u00f6ffentlichung zeitweise oder endg\u00fcltig einzustellen.<\/p>\n\n\n\n<hr class=\"wp-block-separator has-css-opacity\"\/>\n\n\n\n<h3 class=\"wp-block-heading\">Hinweis zu externen Links<\/h3>\n\n\n\n<p>Soweit von dieser Website auf andere Websites verlinkt wird, weisen  wir darauf hin, dass wir keinerlei Einfluss auf die Gestaltung und die  Inhalte der verlinkten Seiten haben und wir uns deren Inhalt nicht zu  Eigen machen. Das gilt f\u00fcr alle auf dieser Seite ausgebrachten externen  Link. F\u00fcr verlinkte Seiten gilt, dass rechtswidrige Inhalte zum  Zeitpunkt der Verlinkung nicht erkennbar waren. Die Links werden  regelm\u00e4\u00dfig auf rechtswidrige Inhalte \u00fcberpr\u00fcft und bei  Rechtsverletzungen unverz\u00fcglich entfernt. Diese Feststellung gilt f\u00fcr  alle innerhalb des eigenen Internetangebotes gesetzten Links und  Verweise sowie f\u00fcr Fremdeintr\u00e4ge in vom Autor eingerichteten  G\u00e4steb\u00fcchern, Diskussionsforen und Mailinglisten. F\u00fcr illegale,  fehlerhafte oder unvollst\u00e4ndige Inhalte und insbesondere f\u00fcr Sch\u00e4den,  die aus der Nutzung oder Nichtnutzung solcherart dargebotener  Informationen entstehen, haftet allein der Anbieter der Seite, auf  welche verwiesen wurde, nicht derjenige, der \u00fcber Links auf die  jeweilige Ver\u00f6ffentlichung lediglich verweist.<\/p>\n\n\n\n<hr class=\"wp-block-separator has-css-opacity\"\/>\n\n\n\n<h3 class=\"wp-block-heading\">Urheberrechte<\/h3>\n\n\n\n<p>Der Autor ist bestrebt, in allen Publikationen die Urheberrechte der \nverwendeten Grafiken, Tondokumente, Videosequenzen und Texte zu \nbeachten, von ihm selbst erstellte Grafiken, Tondokumente, \nVideosequenzen und Texte zu nutzen oder auf lizenzfreie Grafiken, \nTondokumente, Videosequenzen und Texte zur\u00fcckzugreifen. Alle innerhalb \ndes Internetangebotes genannten und ggf. durch Dritte gesch\u00fctzten \nMarken- und Warenzeichen unterliegen uneingeschr\u00e4nkt den Bestimmungen \ndes jeweils g\u00fcltigen Kennzeichenrechts und den Besitzrechten der \njeweiligen eingetragenen Eigent\u00fcmer. Allein aufgrund der blo\u00dfen Nennung \nist nicht der Schlu\u00df zu ziehen, dass Markenzeichen nicht durch Rechte \nDritter gesch\u00fctzt sind! Das Copyright f\u00fcr ver\u00f6ffentlichte, vom Autor \nselbst erstellte Objekte bleibt allein beim Autor der Seiten. Eine \nVervielf\u00e4ltigung oder Verwendung solcher Grafiken, Tondokumente, \nVideosequenzen und Texte in anderen elektronischen oder gedruckten \nPublikationen ist ohne ausdr\u00fcckliche Zustimmung des Autors nicht \ngestattet.<\/p>\n\n\n\n<hr class=\"wp-block-separator has-css-opacity\"\/>\n\n\n\n<h3 class=\"wp-block-heading\">Rechtswirksamkeit dieses Haftungsausschlusses<\/h3>\n\n\n\n<p>Dieser Haftungsausschluss ist als Teil des Internetangebotes zu  betrachten, von dem aus auf diese Seite verwiesen wurde. Sofern Teile  oder einzelne Formulierungen dieses Textes der geltenden Rechtslage  nicht, nicht mehr oder nicht vollst\u00e4ndig entsprechen sollten, bleiben  die \u00fcbrigen Teile des Dokumentes in ihrem Inhalt und ihrer G\u00fcltigkeit  davon unber\u00fchrt.<\/p>\n\n\n\n<hr class=\"wp-block-separator has-css-opacity\"\/>\n\n\n\n<h3 class=\"wp-block-heading\">Streitschlichtung<\/h3>\n\n\n\n<p>Wir sind nicht bereit oder verpflichtet, an Streitbeilegungsverfahren vor einer Verbraucherschlichtungsstelle teilzunehmen.<\/p>\n<\/div><\/div>\n","protected":false},"excerpt":{"rendered":"","protected":false},"author":1,"featured_media":464,"parent":0,"menu_order":1000,"comment_status":"closed","ping_status":"closed","template":"","meta":{"impuls_gutenberg_page_icon_class":"","footnotes":""},"_links":{"self":[{"href":"https:\/\/www.fcp-kg.de\/en\/wp-json\/wp\/v2\/pages\/26"}],"collection":[{"href":"https:\/\/www.fcp-kg.de\/en\/wp-json\/wp\/v2\/pages"}],"about":[{"href":"https:\/\/www.fcp-kg.de\/en\/wp-json\/wp\/v2\/types\/page"}],"author":[{"embeddable":true,"href":"https:\/\/www.fcp-kg.de\/en\/wp-json\/wp\/v2\/users\/1"}],"replies":[{"embeddable":true,"href":"https:\/\/www.fcp-kg.de\/en\/wp-json\/wp\/v2\/comments?post=26"}],"version-history":[{"count":57,"href":"https:\/\/www.fcp-kg.de\/en\/wp-json\/wp\/v2\/pages\/26\/revisions"}],"predecessor-version":[{"id":2400,"href":"https:\/\/www.fcp-kg.de\/en\/wp-json\/wp\/v2\/pages\/26\/revisions\/2400"}],"wp:featuredmedia":[{"embeddable":true,"href":"https:\/\/www.fcp-kg.de\/en\/wp-json\/wp\/v2\/media\/464"}],"wp:attachment":[{"href":"https:\/\/www.fcp-kg.de\/en\/wp-json\/wp\/v2\/media?parent=26"}],"curies":[{"name":"wp","href":"https:\/\/api.w.org\/{rel}","templated":true}]}}